{"id":74,"date":"2023-09-20T10:16:56","date_gmt":"2023-09-20T13:16:56","guid":{"rendered":"https:\/\/ksparts.com.br\/index.php\/bio\/"},"modified":"2024-08-06T15:01:25","modified_gmt":"2024-08-06T18:01:25","slug":"bio","status":"publish","type":"page","link":"https:\/\/ksparts.com.br\/index.php\/bio\/","title":{"rendered":"Bio"},"content":{"rendered":"\t\t<div data-elementor-type=\"wp-page\" data-elementor-id=\"74\" class=\"elementor elementor-74\" data-elementor-post-type=\"page\">\n\t\t\t\t\t\t<section class=\"elementor-section elementor-top-section elementor-element elementor-element-22c9937c elementor-section-boxed elementor-section-height-default elementor-section-height-default\" data-id=\"22c9937c\" data-element_type=\"section\" data-e-type=\"section\">\n\t\t\t\t\t\t<div class=\"elementor-container elementor-column-gap-no\">\n\t\t\t\t\t<div class=\"elementor-column elementor-col-100 elementor-top-column elementor-element elementor-element-3988bbd5\" data-id=\"3988bbd5\" data-element_type=\"column\" data-e-type=\"column\">\n\t\t\t<div class=\"elementor-widget-wrap elementor-element-populated\">\n\t\t\t\t\t\t<div class=\"elementor-element elementor-element-43b8dc1d elementor-widget elementor-widget-heading\" data-id=\"43b8dc1d\" data-element_type=\"widget\" data-e-type=\"widget\" data-widget_type=\"heading.default\">\n\t\t\t\t<div class=\"elementor-widget-container\">\n\t\t\t\t\t<h1 class=\"elementor-heading-title elementor-size-default\">Conhe\u00e7a a KS Parts<\/h1>\t\t\t\t<\/div>\n\t\t\t\t<\/div>\n\t\t\t\t<div class=\"elementor-element elementor-element-a31c2a6 elementor-widget-divider--view-line elementor-widget elementor-widget-divider\" data-id=\"a31c2a6\" data-element_type=\"widget\" data-e-type=\"widget\" data-widget_type=\"divider.default\">\n\t\t\t\t<div class=\"elementor-widget-container\">\n\t\t\t\t\t\t\t<div class=\"elementor-divider\">\n\t\t\t<span class=\"elementor-divider-separator\">\n\t\t\t\t\t\t<\/span>\n\t\t<\/div>\n\t\t\t\t\t\t<\/div>\n\t\t\t\t<\/div>\n\t\t\t\t<div class=\"elementor-element elementor-element-54ef4b6a elementor-widget elementor-widget-text-editor\" data-id=\"54ef4b6a\" data-element_type=\"widget\" data-e-type=\"widget\" data-widget_type=\"text-editor.default\">\n\t\t\t\t<div class=\"elementor-widget-container\">\n\t\t\t\t\t\t\t\t\t<p>Somos a <strong>KS Parts,<\/strong> uma empresa com experi\u00eancia no ramo de m\u00e1quinas pesadas e agregamos tecnologia, qualidade e custo-benef\u00edcio em nossos produtos. Aderimos a uma vis\u00e3o de fidelidade com nossos clientes, visando prestar um servi\u00e7o de excel\u00eancia, agilidade e inova\u00e7\u00e3o no ramo de pe\u00e7as para m\u00e1quinas\u00a0e\u00a0equipamentos.<\/p>\t\t\t\t\t\t\t\t<\/div>\n\t\t\t\t<\/div>\n\t\t\t\t<div class=\"elementor-element elementor-element-72540e3 elementor-widget elementor-widget-image\" data-id=\"72540e3\" data-element_type=\"widget\" data-e-type=\"widget\" data-widget_type=\"image.default\">\n\t\t\t\t<div class=\"elementor-widget-container\">\n\t\t\t\t\t\t\t\t\t\t\t\t\t\t\t<img fetchpriority=\"high\" decoding=\"async\" width=\"768\" height=\"542\" src=\"https:\/\/ksparts.com.br\/wp-content\/uploads\/2023\/09\/Imagem-do-WhatsApp-de-2024-07-29-as-19.49.28_049c8d5c-768x542.jpg\" class=\"attachment-medium_large size-medium_large wp-image-373\" alt=\"\" srcset=\"https:\/\/ksparts.com.br\/wp-content\/uploads\/2023\/09\/Imagem-do-WhatsApp-de-2024-07-29-as-19.49.28_049c8d5c-768x542.jpg 768w, https:\/\/ksparts.com.br\/wp-content\/uploads\/2023\/09\/Imagem-do-WhatsApp-de-2024-07-29-as-19.49.28_049c8d5c-300x212.jpg 300w, https:\/\/ksparts.com.br\/wp-content\/uploads\/2023\/09\/Imagem-do-WhatsApp-de-2024-07-29-as-19.49.28_049c8d5c-1024x723.jpg 1024w, https:\/\/ksparts.com.br\/wp-content\/uploads\/2023\/09\/Imagem-do-WhatsApp-de-2024-07-29-as-19.49.28_049c8d5c.jpg 1041w\" sizes=\"(max-width: 768px) 100vw, 768px\" \/>\t\t\t\t\t\t\t\t\t\t\t\t\t\t\t<\/div>\n\t\t\t\t<\/div>\n\t\t\t\t\t<\/div>\n\t\t<\/div>\n\t\t\t\t\t<\/div>\n\t\t<\/section>\n\t\t<div class=\"elementor-element elementor-element-8b29a52 e-flex e-con-boxed e-con e-parent\" data-id=\"8b29a52\" data-element_type=\"container\" data-e-type=\"container\">\n\t\t\t\t\t<div class=\"e-con-inner\">\n\t\t\t\t<div class=\"elementor-element elementor-element-3940705 elementor-widget elementor-widget-text-editor\" data-id=\"3940705\" data-element_type=\"widget\" data-e-type=\"widget\" data-widget_type=\"text-editor.default\">\n\t\t\t\t<div class=\"elementor-widget-container\">\n\t\t\t\t\t\t\t\t\t<p><strong>Miss\u00e3o:<\/strong><\/p><p>Ser refer\u00eancia nacional na venda de pe\u00e7as e equipamentos, levando qualidade e solu\u00e7\u00f5es inovadoras para nossos clientes.<\/p><p><strong>Vis\u00e3o:<\/strong><\/p><p>Tornar-se uma empresa reconhecida como refer\u00eancia na \u00e1rea, atrav\u00e9s de um estreito relacionamento com nossos clientes, colaboradores, com a comunidade, os fornecedores e investidores, onde perpetuou-se a qualidade de nossos produtos e servi\u00e7os.<\/p>\t\t\t\t\t\t\t\t<\/div>\n\t\t\t\t<\/div>\n\t\t\t\t\t<\/div>\n\t\t\t\t<\/div>\n\t\t<div class=\"elementor-element elementor-element-18b1f3a e-flex e-con-boxed e-con e-parent\" data-id=\"18b1f3a\" data-element_type=\"container\" data-e-type=\"container\">\n\t\t\t\t\t<div class=\"e-con-inner\">\n\t\t\t\t<div class=\"elementor-element elementor-element-ce674c5 elementor-widget-divider--view-line elementor-widget elementor-widget-divider\" data-id=\"ce674c5\" data-element_type=\"widget\" data-e-type=\"widget\" data-widget_type=\"divider.default\">\n\t\t\t\t<div class=\"elementor-widget-container\">\n\t\t\t\t\t\t\t<div class=\"elementor-divider\">\n\t\t\t<span class=\"elementor-divider-separator\">\n\t\t\t\t\t\t<\/span>\n\t\t<\/div>\n\t\t\t\t\t\t<\/div>\n\t\t\t\t<\/div>\n\t\t\t\t\t<\/div>\n\t\t\t\t<\/div>\n\t\t<div class=\"elementor-element elementor-element-917a9c4 e-flex e-con-boxed e-con e-parent\" data-id=\"917a9c4\" data-element_type=\"container\" data-e-type=\"container\">\n\t\t\t\t\t<div class=\"e-con-inner\">\n\t\t<div class=\"elementor-element elementor-element-0b15717 e-con-full e-flex e-con e-child\" data-id=\"0b15717\" data-element_type=\"container\" data-e-type=\"container\">\n\t\t\t\t<div class=\"elementor-element elementor-element-29e9616 elementor-align-center elementor-widget elementor-widget-button\" data-id=\"29e9616\" data-element_type=\"widget\" data-e-type=\"widget\" data-widget_type=\"button.default\">\n\t\t\t\t<div class=\"elementor-widget-container\">\n\t\t\t\t\t\t\t\t\t<div class=\"elementor-button-wrapper\">\n\t\t\t\t\t<a class=\"elementor-button elementor-button-link elementor-size-md elementor-animation-shrink\" href=\"https:\/\/shop.vendr.com.br\/home\/133289\">\n\t\t\t\t\t\t<span class=\"elementor-button-content-wrapper\">\n\t\t\t\t\t\t\t\t\t<span class=\"elementor-button-text\">Acessar loja<\/span>\n\t\t\t\t\t<\/span>\n\t\t\t\t\t<\/a>\n\t\t\t\t<\/div>\n\t\t\t\t\t\t\t\t<\/div>\n\t\t\t\t<\/div>\n\t\t\t\t<\/div>\n\t\t<div class=\"elementor-element elementor-element-9b9d257 e-con-full e-flex e-con e-child\" data-id=\"9b9d257\" data-element_type=\"container\" data-e-type=\"container\" data-settings=\"{&quot;background_background&quot;:&quot;classic&quot;}\">\n\t\t\t\t<div class=\"elementor-element elementor-element-f83fde9 elementor-widget elementor-widget-heading\" data-id=\"f83fde9\" data-element_type=\"widget\" data-e-type=\"widget\" data-widget_type=\"heading.default\">\n\t\t\t\t<div class=\"elementor-widget-container\">\n\t\t\t\t\t<h2 class=\"elementor-heading-title elementor-size-default\">Conhe\u00e7a a nossa loja online<\/h2>\t\t\t\t<\/div>\n\t\t\t\t<\/div>\n\t\t\t\t<\/div>\n\t\t\t\t\t<\/div>\n\t\t\t\t<\/div>\n\t\t\t\t<\/div>\n\t\t","protected":false},"excerpt":{"rendered":"<p>Conhe\u00e7a a KS Parts Somos a KS Parts, uma empresa com experi\u00eancia no ramo de m\u00e1quinas pesadas e agregamos tecnologia, qualidade e custo-benef\u00edcio em nossos produtos. Aderimos a uma vis\u00e3o de fidelidade com nossos clientes, visando prestar um servi\u00e7o de excel\u00eancia, agilidade e inova\u00e7\u00e3o no ramo de pe\u00e7as para m\u00e1quinas\u00a0e\u00a0equipamentos. Miss\u00e3o: Ser refer\u00eancia nacional na [&hellip;]<\/p>\n","protected":false},"author":1,"featured_media":79,"parent":0,"menu_order":0,"comment_status":"closed","ping_status":"closed","template":"elementor_header_footer","meta":{"footnotes":""},"class_list":["post-74","page","type-page","status-publish","has-post-thumbnail","hentry"],"acf":[],"_links":{"self":[{"href":"https:\/\/ksparts.com.br\/index.php\/wp-json\/wp\/v2\/pages\/74"}],"collection":[{"href":"https:\/\/ksparts.com.br\/index.php\/wp-json\/wp\/v2\/pages"}],"about":[{"href":"https:\/\/ksparts.com.br\/index.php\/wp-json\/wp\/v2\/types\/page"}],"author":[{"embeddable":true,"href":"https:\/\/ksparts.com.br\/index.php\/wp-json\/wp\/v2\/users\/1"}],"replies":[{"embeddable":true,"href":"https:\/\/ksparts.com.br\/index.php\/wp-json\/wp\/v2\/comments?post=74"}],"version-history":[{"count":34,"href":"https:\/\/ksparts.com.br\/index.php\/wp-json\/wp\/v2\/pages\/74\/revisions"}],"predecessor-version":[{"id":404,"href":"https:\/\/ksparts.com.br\/index.php\/wp-json\/wp\/v2\/pages\/74\/revisions\/404"}],"wp:featuredmedia":[{"embeddable":true,"href":"https:\/\/ksparts.com.br\/index.php\/wp-json\/wp\/v2\/media\/79"}],"wp:attachment":[{"href":"https:\/\/ksparts.com.br\/index.php\/wp-json\/wp\/v2\/media?parent=74"}],"curies":[{"name":"wp","href":"https:\/\/api.w.org\/{rel}","templated":true}]}}